{"id":745,"date":"2023-08-27T11:52:57","date_gmt":"2023-08-27T04:52:57","guid":{"rendered":"https:\/\/chieutimcoffee.io.vn\/home\/?page_id=745"},"modified":"2023-09-29T23:16:41","modified_gmt":"2023-09-29T16:16:41","slug":"coffee","status":"publish","type":"page","link":"https:\/\/chieutimcoffee.io.vn\/home\/coffee\/","title":{"rendered":"Coffee"},"content":{"rendered":"<p>[vc_row][vc_column]\n\t<h2 class=\"text-center\">\n\tC\u00e0 ph\u00ea\t<span class=\"teaser\">H\u01b0\u01a1ng v\u1ecb c\u1ee7a cu\u1ed9c s\u1ed1ng<\/span>\n\t<span class=\"small-border center\"><\/span>\t<\/h2>\n\t<div class=\"row\">\t\n\t\t\t\t        <div class=\"col-md-2 col-sm-6 mb30\">\n            <div class=\"post-menu s1\">\n                <a href=\"https:\/\/chieutimcoffee.io.vn\/home\/menu-item\/limeade\/\"><img decoding=\"async\" src=\"https:\/\/chieutimcoffee.io.vn\/home\/wp-content\/uploads\/2017\/03\/bac-xiu-nong.jpg\" alt=\"\" \/><\/a>\n                <div class=\"sub-item-service meta\">\n                    <div class=\"c1\"><a href=\"https:\/\/chieutimcoffee.io.vn\/home\/menu-item\/limeade\/\">B\u1ea1c x\u1ec9u n\u00f3ng<\/a><\/div>\n                    <div class=\"c3\">$ 30 000\u0111<\/div>\n                <\/div>\n                <div class=\"service-text meta-content\"><p>Th\u1ee9c u\u1ed1ng n\u00e0y r\u1ea5t ph\u00f9 h\u1ee3p nh\u1eefng ai v\u1eeba mu\u1ed1n tr\u1ea3i nghi\u1ec7m ch\u00fat v\u1ecb \u0111\u1eafng c\u1ee7a c\u00e0 ph\u00ea v\u1eeba mu\u1ed1n th\u01b0\u1edfng th\u1ee9c v\u1ecb ng\u1ecdt b\u00e9o ng\u1eady t\u1eeb s\u1eefa.<\/p>\n<\/div>            <\/div>\n        <\/div>\n        \n    \t\t\t        <div class=\"col-md-2 col-sm-6 mb30\">\n            <div class=\"post-menu s1\">\n                <a href=\"https:\/\/chieutimcoffee.io.vn\/home\/menu-item\/iced-tea\/\"><img decoding=\"async\" src=\"https:\/\/chieutimcoffee.io.vn\/home\/wp-content\/uploads\/2017\/03\/bac-xiu-da.jpg\" alt=\"\" \/><\/a>\n                <div class=\"sub-item-service meta\">\n                    <div class=\"c1\"><a href=\"https:\/\/chieutimcoffee.io.vn\/home\/menu-item\/iced-tea\/\">B\u1ea1c x\u1ec9u \u0111\u00e1<\/a><\/div>\n                    <div class=\"c3\">$ 30 000\u0111<\/div>\n                <\/div>\n                <div class=\"service-text meta-content\"><p>Th\u1ee9c u\u1ed1ng n\u00e0y r\u1ea5t ph\u00f9 h\u1ee3p nh\u1eefng ai v\u1eeba mu\u1ed1n tr\u1ea3i nghi\u1ec7m ch\u00fat v\u1ecb \u0111\u1eafng c\u1ee7a c\u00e0 ph\u00ea v\u1eeba mu\u1ed1n th\u01b0\u1edfng th\u1ee9c v\u1ecb ng\u1ecdt b\u00e9o ng\u1eady t\u1eeb s\u1eefa.<\/p>\n<\/div>            <\/div>\n        <\/div>\n        \n    \t\t\t        <div class=\"col-md-2 col-sm-6 mb30\">\n            <div class=\"post-menu s1\">\n                <a href=\"https:\/\/chieutimcoffee.io.vn\/home\/menu-item\/milk-shake\/\"><img decoding=\"async\" src=\"https:\/\/chieutimcoffee.io.vn\/home\/wp-content\/uploads\/2017\/03\/nau-nong.jpg\" alt=\"\" \/><\/a>\n                <div class=\"sub-item-service meta\">\n                    <div class=\"c1\"><a href=\"https:\/\/chieutimcoffee.io.vn\/home\/menu-item\/milk-shake\/\">N\u00e2u n\u00f3ng<\/a><\/div>\n                    <div class=\"c3\">$ 25 000\u0111<\/div>\n                <\/div>\n                <div class=\"service-text meta-content\"><p>C\u00e0 ph\u00ea truy\u1ec1n th\u1ed1ng k\u1ebft h\u1ee3p v\u1edbi s\u1eefa \u0111\u1eb7c t\u1ea1o n\u00ean h\u01b0\u01a1ng v\u1ecb \u0111\u1eadm \u0111\u00e0, h\u00e0i h\u00f2a gi\u1eefa v\u1ecb ng\u1ecdt \u0111\u1ea7u l\u01b0\u1ee1i v\u00e0 v\u1ecb \u0111\u1eafng thanh tho\u00e1t n\u01a1i h\u1eadu v\u1ecb.<\/p>\n<\/div>            <\/div>\n        <\/div>\n        \n    \t\t\t        <div class=\"col-md-2 col-sm-6 mb30\">\n            <div class=\"post-menu s1\">\n                <a href=\"https:\/\/chieutimcoffee.io.vn\/home\/menu-item\/orange-juice\/\"><img decoding=\"async\" src=\"https:\/\/chieutimcoffee.io.vn\/home\/wp-content\/uploads\/2017\/03\/nau-da.jpg\" alt=\"\" \/><\/a>\n                <div class=\"sub-item-service meta\">\n                    <div class=\"c1\"><a href=\"https:\/\/chieutimcoffee.io.vn\/home\/menu-item\/orange-juice\/\">N\u00e2u \u0111\u00e1<\/a><\/div>\n                    <div class=\"c3\">$ 25 000\u0111<\/div>\n                <\/div>\n                <div class=\"service-text meta-content\"><p>C\u00e0 ph\u00ea truy\u1ec1n th\u1ed1ng k\u1ebft h\u1ee3p v\u1edbi s\u1eefa \u0111\u1eb7c t\u1ea1o n\u00ean h\u01b0\u01a1ng v\u1ecb \u0111\u1eadm \u0111\u00e0, h\u00e0i h\u00f2a gi\u1eefa v\u1ecb ng\u1ecdt \u0111\u1ea7u l\u01b0\u1ee1i v\u00e0 v\u1ecb \u0111\u1eafng thanh tho\u00e1t n\u01a1i h\u1eadu v\u1ecb.<\/p>\n<\/div>            <\/div>\n        <\/div>\n        \n    \t\t\t        <div class=\"col-md-2 col-sm-6 mb30\">\n            <div class=\"post-menu s1\">\n                <a href=\"https:\/\/chieutimcoffee.io.vn\/home\/menu-item\/hot-tea\/\"><img decoding=\"async\" src=\"https:\/\/chieutimcoffee.io.vn\/home\/wp-content\/uploads\/2017\/03\/den-nong.jpg\" alt=\"\" \/><\/a>\n                <div class=\"sub-item-service meta\">\n                    <div class=\"c1\"><a href=\"https:\/\/chieutimcoffee.io.vn\/home\/menu-item\/hot-tea\/\">\u0110en n\u00f3ng<\/a><\/div>\n                    <div class=\"c3\">$ 20 000\u0111<\/div>\n                <\/div>\n                <div class=\"service-text meta-content\"><p>Kh\u00f4ng ng\u1ecdt ng\u00e0o nh\u01b0 B\u1ea1c s\u1ec9u hay C\u00e0 ph\u00ea s\u1eefa, C\u00e0 ph\u00ea \u0111en n\u00f3ng mang trong m\u00ecnh phong v\u1ecb tr\u1ea7m l\u1eafng, thi v\u1ecb h\u01a1n.<\/p>\n<\/div>            <\/div>\n        <\/div>\n        \n    \t\t\t        <div class=\"col-md-2 col-sm-6 mb30\">\n            <div class=\"post-menu s1\">\n                <a href=\"https:\/\/chieutimcoffee.io.vn\/home\/menu-item\/coffee\/\"><img decoding=\"async\" src=\"https:\/\/chieutimcoffee.io.vn\/home\/wp-content\/uploads\/2017\/03\/den-da.jpg\" alt=\"\" \/><\/a>\n                <div class=\"sub-item-service meta\">\n                    <div class=\"c1\"><a href=\"https:\/\/chieutimcoffee.io.vn\/home\/menu-item\/coffee\/\">\u0110en \u0111\u00e1<\/a><\/div>\n                    <div class=\"c3\">$ 20 000\u0111<\/div>\n                <\/div>\n                <div class=\"service-text meta-content\"><p>Kh\u00f4ng ng\u1ecdt ng\u00e0o nh\u01b0 B\u1ea1c s\u1ec9u hay C\u00e0 ph\u00ea s\u1eefa, C\u00e0 ph\u00ea \u0111en \u0111\u00e1 mang trong m\u00ecnh phong v\u1ecb tr\u1ea7m l\u1eafng, thi v\u1ecb h\u01a1n.<\/p>\n<\/div>            <\/div>\n        <\/div>\n        \n    \t    <\/div>\n\n\n\t<h2 class=\"text-center\">\n\tTr\u00e0 s\u1eefa\t<span class=\"teaser\">Th\u01a1m ngon & b\u1ed5 d\u01b0\u1ee1ng<\/span>\n\t<span class=\"small-border center\"><\/span>\t<\/h2>\n\t<div class=\"row\">\t\n\t\t\t\t        <div class=\"col-md-2 col-sm-6 mb30\">\n            <div class=\"post-menu s1\">\n                <a href=\"https:\/\/chieutimcoffee.io.vn\/home\/menu-item\/chicken-crispy-roll\/\"><img decoding=\"async\" src=\"https:\/\/chieutimcoffee.io.vn\/home\/wp-content\/uploads\/2017\/03\/hong-tra-sua.jpg\" alt=\"\" \/><\/a>\n                <div class=\"sub-item-service meta\">\n                    <div class=\"c1\"><a href=\"https:\/\/chieutimcoffee.io.vn\/home\/menu-item\/chicken-crispy-roll\/\">H\u1ed3ng tr\u00e0 s\u1eefa tr\u00e2n ch\u00e2u<\/a><\/div>\n                    <div class=\"c3\">$ 25 000\u0111<\/div>\n                <\/div>\n                <div class=\"service-text meta-content\"><p>H\u1ed3ng tr\u00e0 nguy\u00ean l\u00e1 v\u00e0 s\u1eefa th\u01a1m ng\u1eady \u0111\u01b0\u1ee3c mix\u00a0c\u00f9ng tr\u00e2n ch\u00e2u v\u00e0 th\u1ea1ch rau c\u00e2u t\u1ea1o n\u00ean ly tr\u00e0 s\u1eefa ng\u1ecdt ng\u00e0o th\u01a1m ng\u1eady.<\/p>\n<\/div>            <\/div>\n        <\/div>\n        \n    \t\t\t        <div class=\"col-md-2 col-sm-6 mb30\">\n            <div class=\"post-menu s1\">\n                <a href=\"https:\/\/chieutimcoffee.io.vn\/home\/menu-item\/cheese-shrimp-roll\/\"><img decoding=\"async\" src=\"https:\/\/chieutimcoffee.io.vn\/home\/wp-content\/uploads\/2017\/03\/luc-tra-sua.jpg\" alt=\"\" \/><\/a>\n                <div class=\"sub-item-service meta\">\n                    <div class=\"c1\"><a href=\"https:\/\/chieutimcoffee.io.vn\/home\/menu-item\/cheese-shrimp-roll\/\">L\u1ee5c tr\u00e0 s\u1eefa tr\u00e2n ch\u00e2u<\/a><\/div>\n                    <div class=\"c3\">$ 25 000\u0111<\/div>\n                <\/div>\n                <div class=\"service-text meta-content\"><p>L\u1ee5c tr\u00e0 nguy\u00ean l\u00e1 v\u00e0 s\u1eefa th\u01a1m ng\u1eady \u0111\u01b0\u1ee3c mix\u00a0 c\u00f9ng tr\u00e2n ch\u00e2u v\u00e0 th\u1ea1ch rau c\u00e2u \u0111\u1ec3 b\u1ea1n t\u1eadn h\u01b0\u1edfng t\u1eebng ng\u1ee5m tr\u00e0 s\u1eefa ng\u1ecdt ng\u00e0o th\u01a1m ng\u1eady.<\/p>\n<\/div>            <\/div>\n        <\/div>\n        \n    \t\t\t        <div class=\"col-md-2 col-sm-6 mb30\">\n            <div class=\"post-menu s1\">\n                <a href=\"https:\/\/chieutimcoffee.io.vn\/home\/menu-item\/baked-crab-cheese\/\"><img decoding=\"async\" src=\"https:\/\/chieutimcoffee.io.vn\/home\/wp-content\/uploads\/2017\/03\/tra-sua-thai-xanh.jpg\" alt=\"\" \/><\/a>\n                <div class=\"sub-item-service meta\">\n                    <div class=\"c1\"><a href=\"https:\/\/chieutimcoffee.io.vn\/home\/menu-item\/baked-crab-cheese\/\">Tr\u00e0 s\u1eefa Th\u00e1i xanh<\/a><\/div>\n                    <div class=\"c3\">$ 25 000\u0111<\/div>\n                <\/div>\n                <div class=\"service-text meta-content\"><p>S\u1ef1 k\u1ebft h\u1ee3p ho\u00e0n h\u1ea3o gi\u1eefa c\u1ed1t tr\u00e0, s\u1eefa \u0111\u1eb7c, \u0111\u01b0\u1eddng v\u00e0 th\u1ea1ch rau c\u00e2u \u0111em \u0111\u1ebfn m\u1ed9t th\u1ee9c u\u1ed1ng tuy\u1ec7t v\u1eddi \u0111\u1eadm v\u1ecb tr\u00e0, ng\u1eady v\u1ecb s\u1eefa.<\/p>\n<\/div>            <\/div>\n        <\/div>\n        \n    \t\t\t        <div class=\"col-md-2 col-sm-6 mb30\">\n            <div class=\"post-menu s1\">\n                <a href=\"https:\/\/chieutimcoffee.io.vn\/home\/menu-item\/crispy-squid\/\"><img decoding=\"async\" src=\"https:\/\/chieutimcoffee.io.vn\/home\/wp-content\/uploads\/2017\/03\/tra-sau-thai-do.jpg\" alt=\"\" \/><\/a>\n                <div class=\"sub-item-service meta\">\n                    <div class=\"c1\"><a href=\"https:\/\/chieutimcoffee.io.vn\/home\/menu-item\/crispy-squid\/\">Tr\u00e0 s\u1eefa Th\u00e1i \u0111\u1ecf<\/a><\/div>\n                    <div class=\"c3\">$ 25 000\u0111<\/div>\n                <\/div>\n                <div class=\"service-text meta-content\"><p>M\u1ed9t th\u1ee9c u\u1ed1ng tuy\u1ec7t v\u1eddi h\u01b0\u01a1ng v\u1ecb th\u01a1m b\u00e9o, ch\u00e1t nh\u1eb9 c\u1ee7a tr\u00e0 m\u00e0 kh\u00f4ng b\u1ecb \u0111\u1eafng, u\u1ed1ng xong v\u1ecb ng\u1ecdt c\u00f2n v\u01b0\u01a1ng tr\u00ean \u0111\u1ea7u l\u01b0\u1ee1i.<\/p>\n<\/div>            <\/div>\n        <\/div>\n        \n    \t\t\t        <div class=\"col-md-2 col-sm-6 mb30\">\n            <div class=\"post-menu s1\">\n                <a href=\"https:\/\/chieutimcoffee.io.vn\/home\/menu-item\/foie-gras\/\"><img decoding=\"async\" src=\"https:\/\/chieutimcoffee.io.vn\/home\/wp-content\/uploads\/2017\/03\/tra-sua-hoa-dau-biec.jpg\" alt=\"\" \/><\/a>\n                <div class=\"sub-item-service meta\">\n                    <div class=\"c1\"><a href=\"https:\/\/chieutimcoffee.io.vn\/home\/menu-item\/foie-gras\/\">Tr\u00e0 s\u1eefa hoa \u0111\u1eadu bi\u1ebfc<\/a><\/div>\n                    <div class=\"c3\">$ 25 000\u0111<\/div>\n                <\/div>\n                <div class=\"service-text meta-content\"><p>Tr\u00e0 s\u1eefa mix c\u00f9ng hoa \u0111\u1eadu bi\u1ebfc mang \u0111\u1ebfn ly tr\u00e0 s\u1eefa th\u01a1m ngon thanh nh\u1eb9, v\u1ecb l\u1ea1 mi\u1ec7ng v\u00e0 s\u1eafc xanh b\u1eaft m\u1eaft.<\/p>\n<\/div>            <\/div>\n        <\/div>\n        \n    \t\t\t        <div class=\"col-md-2 col-sm-6 mb30\">\n            <div class=\"post-menu s1\">\n                <a href=\"https:\/\/chieutimcoffee.io.vn\/home\/menu-item\/roasted-chicken\/\"><img decoding=\"async\" src=\"https:\/\/chieutimcoffee.io.vn\/home\/wp-content\/uploads\/2017\/03\/tra-sua-matcha.jpg\" alt=\"\" \/><\/a>\n                <div class=\"sub-item-service meta\">\n                    <div class=\"c1\"><a href=\"https:\/\/chieutimcoffee.io.vn\/home\/menu-item\/roasted-chicken\/\">Tr\u00e0 s\u1eefa Matcha<\/a><\/div>\n                    <div class=\"c3\">$ 30 000\u0111<\/div>\n                <\/div>\n                <div class=\"service-text meta-content\"><p>Matcha th\u01a1m th\u01a1m k\u1ebft h\u1ee3p v\u1edbi \u0111\u1ed9 ng\u1ecdt, b\u00e9o c\u1ee7a s\u1eefa t\u1ea1o th\u00e0nh \u0111\u1ed3 u\u1ed1ng gi\u1ea3i nhi\u1ec7t cho c\u01a1 th\u1ec3 trong th\u1eddi ti\u1ebft n\u00f3ng b\u1ee9c th\u00ec c\u00f2n g\u00ec tuy\u1ec7t h\u01a1n n\u1eefa. <\/p>\n<\/div>            <\/div>\n        <\/div>\n        \n    \t    <\/div>\n\n\n\t<h2 class=\"text-center\">\n\tSinh t\u1ed1 - N\u01b0\u1edbc tr\u00e1i c\u00e2y\t<span class=\"teaser\">Thanh m\u00e1t, gi\u1ea3i nhi\u1ec7t<\/span>\n\t<span class=\"small-border center\"><\/span>\t<\/h2>\n\t<div class=\"row\">\t\n\t\t\t\t        <div class=\"col-md-2 col-sm-6 mb30\">\n            <div class=\"post-menu s1\">\n                <a href=\"https:\/\/chieutimcoffee.io.vn\/home\/menu-item\/chicken-soup\/\"><img decoding=\"async\" src=\"https:\/\/chieutimcoffee.io.vn\/home\/wp-content\/uploads\/2017\/03\/tra-chanh.jpg\" alt=\"\" \/><\/a>\n                <div class=\"sub-item-service meta\">\n                    <div class=\"c1\"><a href=\"https:\/\/chieutimcoffee.io.vn\/home\/menu-item\/chicken-soup\/\">Tr\u00e0 Chanh<\/a><\/div>\n                    <div class=\"c3\">$ 10 000\u0111<\/div>\n                <\/div>\n                <div class=\"service-text meta-content\"><p>S\u1ef1 h\u00f2a h\u1ee3p gi\u1eefa v\u1ecb \u0111\u1eadm \u0111\u00e0 c\u1ee7a tr\u00e0 c\u00f9ng h\u01b0\u01a1ng th\u01a1m kh\u00f3 qu\u00ean c\u00f9ng v\u1ecb chanh v\u00e0 \u0111\u01b0\u1eddng c\u00f3 v\u1ecb chua c\u00f9ng ng\u1ecdt thanh, th\u01a1m m\u00e1t. <\/p>\n<\/div>            <\/div>\n        <\/div>\n        \n    \t\t\t        <div class=\"col-md-2 col-sm-6 mb30\">\n            <div class=\"post-menu s1\">\n                <a href=\"https:\/\/chieutimcoffee.io.vn\/home\/menu-item\/caprese-salad\/\"><img decoding=\"async\" src=\"https:\/\/chieutimcoffee.io.vn\/home\/wp-content\/uploads\/2017\/03\/Sua-chua-danh-da.jpg\" alt=\"\" \/><\/a>\n                <div class=\"sub-item-service meta\">\n                    <div class=\"c1\"><a href=\"https:\/\/chieutimcoffee.io.vn\/home\/menu-item\/caprese-salad\/\">S\u1eefa chua \u0111\u00e1nh \u0111\u00e1<\/a><\/div>\n                    <div class=\"c3\">$ 20 000\u0111<\/div>\n                <\/div>\n                <div class=\"service-text meta-content\"><p>S\u1eefa chua \u0111\u00e1nh \u0111\u00e1 chua \u0111\u00e1nh \u0111\u00e1 m\u00e1t l\u1ea1nh, ngon s\u00e1nh m\u1ecbn th\u01a1m m\u00e1t s\u1ebd l\u00e0 l\u1ef1a ch\u1ecdn tuy\u1ec7t v\u1eddi \u0111\u00e1nh tan c\u00e1c c\u1ea3m gi\u00e1c b\u1ee9c b\u1ed1i, n\u00f3ng n\u1ef1c ng\u00e0y h\u00e8.<\/p>\n<\/div>            <\/div>\n        <\/div>\n        \n    \t\t\t        <div class=\"col-md-2 col-sm-6 mb30\">\n            <div class=\"post-menu s1\">\n                <a href=\"https:\/\/chieutimcoffee.io.vn\/home\/menu-item\/polpette\/\"><img decoding=\"async\" src=\"https:\/\/chieutimcoffee.io.vn\/home\/wp-content\/uploads\/2017\/03\/nuoc-chanh-day.jpg\" alt=\"\" \/><\/a>\n                <div class=\"sub-item-service meta\">\n                    <div class=\"c1\"><a href=\"https:\/\/chieutimcoffee.io.vn\/home\/menu-item\/polpette\/\">N\u01b0\u1edbc chanh d\u00e2y<\/a><\/div>\n                    <div class=\"c3\">$ 15 000\u0111<\/div>\n                <\/div>\n                <div class=\"service-text meta-content\"><p>Th\u01a1m ngon b\u1ed5 d\u01b0\u1ee1ng l\u00e0 k\u1ebft h\u1ee3p tuy\u1ec7t v\u1eddi gi\u1eefa v\u1ecb th\u01a1m, ngon, chua chua \u0111\u1eb7c tr\u01b0ng c\u1ee7a chanh gi\u00fap b\u1ea1n gi\u1ea3i nhi\u1ec7t m\u00f9a h\u00e8.<\/p>\n<\/div>            <\/div>\n        <\/div>\n        \n    \t\t\t        <div class=\"col-md-2 col-sm-6 mb30\">\n            <div class=\"post-menu s1\">\n                <a href=\"https:\/\/chieutimcoffee.io.vn\/home\/menu-item\/waffle\/\"><img decoding=\"async\" src=\"https:\/\/chieutimcoffee.io.vn\/home\/wp-content\/uploads\/2017\/03\/chanh-day-sua.jpg\" alt=\"\" \/><\/a>\n                <div class=\"sub-item-service meta\">\n                    <div class=\"c1\"><a href=\"https:\/\/chieutimcoffee.io.vn\/home\/menu-item\/waffle\/\">Chanh d\u00e2y s\u1eefa<\/a><\/div>\n                    <div class=\"c3\">$ 20 000\u0111<\/div>\n                <\/div>\n                <div class=\"service-text meta-content\"><p>S\u1ef1 k\u1ebft h\u1ee3p tuy\u1ec7t v\u1eddi gi\u1eefa v\u1ecb th\u01a1m, ngon, chua chua \u0111\u1eb7c tr\u01b0ng c\u1ee7a chanh v\u00e0 s\u1eefa mang \u0111\u1ebfn m\u1ed9t ly chanh d\u00e2y s\u1eefa th\u01a1m ngon, b\u1ed5 d\u01b0\u1ee1ng.<\/p>\n<\/div>            <\/div>\n        <\/div>\n        \n    \t\t\t        <div class=\"col-md-2 col-sm-6 mb30\">\n            <div class=\"post-menu s1\">\n                <a href=\"https:\/\/chieutimcoffee.io.vn\/home\/menu-item\/caprino\/\"><img decoding=\"async\" src=\"https:\/\/chieutimcoffee.io.vn\/home\/wp-content\/uploads\/2017\/03\/Sua-chua-ca-phe.jpg\" alt=\"\" \/><\/a>\n                <div class=\"sub-item-service meta\">\n                    <div class=\"c1\"><a href=\"https:\/\/chieutimcoffee.io.vn\/home\/menu-item\/caprino\/\">S\u1eefa chua c\u00e0 ph\u00ea<\/a><\/div>\n                    <div class=\"c3\">$ 30 000\u0111<\/div>\n                <\/div>\n                <div class=\"service-text meta-content\"><p>S\u1eefa chua c\u00e0 ph\u00ea l\u00e0 th\u1ee9c u\u1ed1ng ho\u00e0n h\u1ea3o, s\u1ef1 k\u1ebft h\u1ee3p gi\u1eefa v\u1ecb chua nh\u1eb9 v\u1edbi h\u01b0\u01a1ng th\u01a1m g\u00e2y nghi\u1ec7n v\u00e0 \u0111\u1ed9 \u0111\u1eadm \u0111\u00e0 t\u1eeb c\u00e0 ph\u00ea.<\/p>\n<\/div>            <\/div>\n        <\/div>\n        \n    \t\t\t        <div class=\"col-md-2 col-sm-6 mb30\">\n            <div class=\"post-menu s1\">\n                <a href=\"https:\/\/chieutimcoffee.io.vn\/home\/menu-item\/calamary\/\"><img decoding=\"async\" src=\"https:\/\/chieutimcoffee.io.vn\/home\/wp-content\/uploads\/2017\/03\/sinh-to-dua-hau.jpg\" alt=\"\" \/><\/a>\n                <div class=\"sub-item-service meta\">\n                    <div class=\"c1\"><a href=\"https:\/\/chieutimcoffee.io.vn\/home\/menu-item\/calamary\/\">Sinh t\u1ed1 d\u01b0a h\u1ea5u<\/a><\/div>\n                    <div class=\"c3\">$ 25 000\u0111<\/div>\n                <\/div>\n                <div class=\"service-text meta-content\"><p>M\u00e0u \u0111\u1ecf \u0111\u1eb9p m\u1eaft, h\u01b0\u01a1ng v\u1ecb ng\u1ecdt t\u1ef1 nhi\u00ean c\u1ee7a d\u01b0a h\u1ea5u, k\u1ebft h\u1ee3p v\u1edbi v\u1ecb b\u00e9o b\u00e9o chua chua c\u1ee7a s\u1eefa chua t\u1ea1o ra \u0111\u1ed3 u\u1ed1ng v\u00f4 c\u00f9ng h\u1ea5p d\u1eabn.<\/p>\n<\/div>            <\/div>\n        <\/div>\n        \n    \t    <\/div>\n\n\n\t<h2 class=\"text-center\">\n\t\u0110\u1ed3 \u0103n v\u1eb7t\t<span class=\"teaser\">Gi\u00fap t\u0103ng h\u01b0\u01a1ng v\u1ecb Tr\u00e0 v\u00e0 Coffee<\/span>\n\t<span class=\"small-border center\"><\/span>\t<\/h2>\n\t<div class=\"row\">\t\n\t\t\t\t        <div class=\"col-md-2 col-sm-6 mb30\">\n            <div class=\"post-menu s1\">\n                <a href=\"https:\/\/chieutimcoffee.io.vn\/home\/menu-item\/nho-kho\/\"><img decoding=\"async\" src=\"https:\/\/chieutimcoffee.io.vn\/home\/wp-content\/uploads\/2023\/08\/soai-say.jpg\" alt=\"\" \/><\/a>\n                <div class=\"sub-item-service meta\">\n                    <div class=\"c1\"><a href=\"https:\/\/chieutimcoffee.io.vn\/home\/menu-item\/nho-kho\/\">So\u00e0i s\u1ea5y d\u1ebbo<\/a><\/div>\n                    <div class=\"c3\">$ 30 000\u0111<\/div>\n                <\/div>\n                <div class=\"service-text meta-content\"><p>Xo\u00e0i s\u1ea5y d\u1ebbo c\u00f3 v\u1ecb ng\u1ecdt v\u00e0 h\u01a1i chua, t\u00ednh nhi\u1ec7t. Xo\u00e0i ch\u1ee9a nhi\u1ec1u vitamin v\u00e0 kho\u00e1ng ch\u1ea5t, \u0111\u1eb7c bi\u1ec7t, c\u00e1c ch\u1ea5t dinh d\u01b0\u1ee1ng nh\u01b0 protein, lipit, gluxit v\u00e0 nh\u1ea5t l\u00e0 ti\u1ec1n sinh t\u1ed1 A.<\/p>\n<\/div>            <\/div>\n        <\/div>\n        \n    \t\t\t        <div class=\"col-md-2 col-sm-6 mb30\">\n            <div class=\"post-menu s1\">\n                <a href=\"https:\/\/chieutimcoffee.io.vn\/home\/menu-item\/tao-do\/\"><img decoding=\"async\" src=\"https:\/\/chieutimcoffee.io.vn\/home\/wp-content\/uploads\/2023\/08\/kiwi-say.jpg\" alt=\"\" \/><\/a>\n                <div class=\"sub-item-service meta\">\n                    <div class=\"c1\"><a href=\"https:\/\/chieutimcoffee.io.vn\/home\/menu-item\/tao-do\/\">Kiwi s\u1ea5y d\u1ebbo<\/a><\/div>\n                    <div class=\"c3\">$ 30 000\u0111<\/div>\n                <\/div>\n                <div class=\"service-text meta-content\"><p>Kiwi d\u1ebbo s\u1ea5y kh\u00f4 \u1ea4n \u0110\u1ed9i s\u1edf h\u1eefu v\u1ecb chua thanh nh\u1eb9, chua d\u00f2n ng\u1ecdt h\u00e0i h\u00f2a h\u1ea5p d\u1eabn ng\u1ecdt ng\u00e0o gi\u1eef nguy\u00ean \u0111\u01b0\u1ee3c h\u01b0\u01a1ng v\u1ecb \u0111\u1eb7c tr\u01b0ng v\u00e0 t\u1ef1 nhi\u00ean ban \u0111\u1ea7u l\u00e0m b\u1ea1n nh\u1edb m\u00e3i.<\/p>\n<\/div>            <\/div>\n        <\/div>\n        \n    \t\t\t        <div class=\"col-md-2 col-sm-6 mb30\">\n            <div class=\"post-menu s1\">\n                <a href=\"https:\/\/chieutimcoffee.io.vn\/home\/menu-item\/kho-ga-la-chanh\/\"><img decoding=\"async\" src=\"https:\/\/chieutimcoffee.io.vn\/home\/wp-content\/uploads\/2023\/08\/kho-go-la-chanh.jpg\" alt=\"\" \/><\/a>\n                <div class=\"sub-item-service meta\">\n                    <div class=\"c1\"><a href=\"https:\/\/chieutimcoffee.io.vn\/home\/menu-item\/kho-ga-la-chanh\/\">Kh\u00f4 g\u00e0 l\u00e1 chanh<\/a><\/div>\n                    <div class=\"c3\">$ 30 000\u0111<\/div>\n                <\/div>\n                <div class=\"service-text meta-content\"><p>Kh\u00f4 g\u00e0 l\u00e1 chanh h\u01b0\u01a1ng v\u1ecb \u0111\u1eadm \u0111\u00e0, cay nh\u1eb9 tr\u00ean t\u1eebng s\u1ee3i g\u00e0 k\u00edch th\u00edch v\u1ecb gi\u00e1c ngay t\u1eeb nh\u1eefng mi\u1ebfng \u0111\u1ea7u ti\u00ean khi\u1ebfn b\u1ea1n \u0103n ho\u00e0i kh\u00f4ng ng\u00e1n.<\/p>\n<\/div>            <\/div>\n        <\/div>\n        \n    \t\t\t        <div class=\"col-md-2 col-sm-6 mb30\">\n            <div class=\"post-menu s1\">\n                <a href=\"https:\/\/chieutimcoffee.io.vn\/home\/menu-item\/kho-bo\/\"><img decoding=\"async\" src=\"https:\/\/chieutimcoffee.io.vn\/home\/wp-content\/uploads\/2023\/08\/kho-bo.jpg\" alt=\"\" \/><\/a>\n                <div class=\"sub-item-service meta\">\n                    <div class=\"c1\"><a href=\"https:\/\/chieutimcoffee.io.vn\/home\/menu-item\/kho-bo\/\">Kh\u00f4 b\u00f2<\/a><\/div>\n                    <div class=\"c3\">$ 35 000\u0111<\/div>\n                <\/div>\n                <div class=\"service-text meta-content\"><p>Kh\u00f4 b\u00f2 mi\u1ebfng \u0111\u01b0\u1ee3c ch\u1ecdn l\u1ecdc k\u1ef9 c\u00e0ng, t\u1ea9m \u01b0\u1edbp gia v\u1ecb v\u1eeba \u0103n v\u1edbi v\u1ecb cay v\u1eeba ph\u1ea3i, dai dai, m\u1ec1m m\u1ec1m h\u00f2a quy\u1ec7n c\u00f9ng h\u01b0\u01a1ng th\u01a1m c\u1ee7a c\u00e1c lo\u1ea1i gia v\u1ecb th\u1ea5m trong t\u1eebng th\u1edb th\u1ecbt.<\/p>\n<\/div>            <\/div>\n        <\/div>\n        \n    \t\t\t        <div class=\"col-md-2 col-sm-6 mb30\">\n            <div class=\"post-menu s1\">\n                <a href=\"https:\/\/chieutimcoffee.io.vn\/home\/menu-item\/huong-duong\/\"><img decoding=\"async\" src=\"https:\/\/chieutimcoffee.io.vn\/home\/wp-content\/uploads\/2017\/03\/huong-duong.jpg\" alt=\"\" \/><\/a>\n                <div class=\"sub-item-service meta\">\n                    <div class=\"c1\"><a href=\"https:\/\/chieutimcoffee.io.vn\/home\/menu-item\/huong-duong\/\">H\u01b0\u1edbng d\u01b0\u01a1ng<\/a><\/div>\n                    <div class=\"c3\">$ 10 000\u0111<\/div>\n                <\/div>\n                <div class=\"service-text meta-content\"><p>H\u1ea1t h\u01b0\u1edbng d\u01b0\u01a1ng s\u1ea5y kh\u00f4 th\u01a1m ngon, gi\u00fap b\u1ed5 sung canxi, magie cho c\u01a1 th\u1ec3, ph\u00f9 h\u1ee3p cho ng\u01b0\u1eddi l\u1edbn v\u00e0 tr\u1ebb em.<\/p>\n<\/div>            <\/div>\n        <\/div>\n        \n    \t\t\t        <div class=\"col-md-2 col-sm-6 mb30\">\n            <div class=\"post-menu s1\">\n                <a href=\"https:\/\/chieutimcoffee.io.vn\/home\/menu-item\/bap-rang-bo\/\"><img decoding=\"async\" src=\"https:\/\/chieutimcoffee.io.vn\/home\/wp-content\/uploads\/2023\/08\/bap-rang.jpg\" alt=\"\" \/><\/a>\n                <div class=\"sub-item-service meta\">\n                    <div class=\"c1\"><a href=\"https:\/\/chieutimcoffee.io.vn\/home\/menu-item\/bap-rang-bo\/\">B\u1ecfng ng\u00f4<\/a><\/div>\n                    <div class=\"c3\">$ 10 000\u0111<\/div>\n                <\/div>\n                <div class=\"service-text meta-content\"><p>M\u00f3n \u0103n n\u00e0y l\u00e0 s\u1ef1 k\u1ebft h\u1ee3p gi\u1eefa v\u1ecb gi\u00f2n gi\u00f2n c\u1ee7a b\u1eafp n\u1ed5, v\u1ecb ng\u1ecdt b\u00e9o t\u1eeb b\u01a1 \u0111\u01b0\u1eddng v\u00e0 ch\u00fat \u0111\u1eafng nh\u1eb9 caramel khi\u1ebfn b\u1ea1n c\u00e0ng \u0103n c\u00e0ng nghi\u1ec1n.<\/p>\n<\/div>            <\/div>\n        <\/div>\n        \n    \t    <\/div>\n\n[\/vc_column][\/vc_row]<\/p>\n","protected":false},"excerpt":{"rendered":"<p>[vc_row][vc_column][\/vc_column][\/vc_row]<\/p>\n","protected":false},"author":1,"featured_media":712,"parent":0,"menu_order":0,"comment_status":"closed","ping_status":"closed","template":"page-templates\/template-fullwidth.php","meta":{"footnotes":""},"class_list":["post-745","page","type-page","status-publish","has-post-thumbnail","hentry"],"_links":{"self":[{"href":"https:\/\/chieutimcoffee.io.vn\/home\/wp-json\/wp\/v2\/pages\/745","targetHints":{"allow":["GET"]}}],"collection":[{"href":"https:\/\/chieutimcoffee.io.vn\/home\/wp-json\/wp\/v2\/pages"}],"about":[{"href":"https:\/\/chieutimcoffee.io.vn\/home\/wp-json\/wp\/v2\/types\/page"}],"author":[{"embeddable":true,"href":"https:\/\/chieutimcoffee.io.vn\/home\/wp-json\/wp\/v2\/users\/1"}],"replies":[{"embeddable":true,"href":"https:\/\/chieutimcoffee.io.vn\/home\/wp-json\/wp\/v2\/comments?post=745"}],"version-history":[{"count":15,"href":"https:\/\/chieutimcoffee.io.vn\/home\/wp-json\/wp\/v2\/pages\/745\/revisions"}],"predecessor-version":[{"id":893,"href":"https:\/\/chieutimcoffee.io.vn\/home\/wp-json\/wp\/v2\/pages\/745\/revisions\/893"}],"wp:featuredmedia":[{"embeddable":true,"href":"https:\/\/chieutimcoffee.io.vn\/home\/wp-json\/wp\/v2\/media\/712"}],"wp:attachment":[{"href":"https:\/\/chieutimcoffee.io.vn\/home\/wp-json\/wp\/v2\/media?parent=745"}],"curies":[{"name":"wp","href":"https:\/\/api.w.org\/{rel}","templated":true}]}}