{"id":74,"date":"2017-03-06T08:00:00","date_gmt":"2017-03-06T08:00:00","guid":{"rendered":"http:\/\/localhost\/delizus\/?page_id=74"},"modified":"2023-08-27T19:46:25","modified_gmt":"2023-08-27T12:46:25","slug":"about-us","status":"publish","type":"page","link":"https:\/\/chieutimcoffee.io.vn\/home\/about-us\/","title":{"rendered":"V\u1ec1 ch\u00fang t\u00f4i"},"content":{"rendered":"<p>[vc_row img_halfrow=&#8221;yes&#8221; cols=&#8221;6&#8243; halfrow_image=&#8221;516&#8243; el_class=&#8221;halfrow&#8221;][vc_column offset=&#8221;vc_col-md-offset-7 vc_col-md-5&#8243;][vc_column_text css=&#8221;.vc_custom_1693087486512{margin-bottom: 25px !important;}&#8221;]<\/p>\n<h2>Ch\u00e0o m\u1eebng \u0111\u1ebfn v\u1edbi Chi\u1ec1u T\u00edm Coffee<span class=\"teaser\">S\u1ee9 m\u1ec7nh<\/span><\/h2>\n<p>Th\u00e0nh l\u1eadp n\u0103m 2023. Kh\u00f4ng ch\u1ec9 mang \u0111\u1ebfn nh\u1eefng t\u00e1ch c\u00e0 ph\u00ea th\u01a1m ngon, b\u1ed5 d\u01b0\u1ee1ng Chi\u1ec1u T\u00edm Coffee c\u00f2n l\u00e0 n\u01a1i \u0111\u1ec3 m\u1ecdi ng\u01b0\u1eddi s\u1ebb nh\u1eefng c\u00e2u chuy\u1ec7n b\u00ean t\u00e1ch c\u00e0 ph\u00ea, ly tr\u00e0 \u0111\u01b0\u1ee3m h\u01b0\u01a1ng.[\/vc_column_text][\/vc_column][\/vc_row][vc_row img_halfrow=&#8221;yes&#8221; cols=&#8221;6&#8243; halfrow_image=&#8221;517&#8243; img_position=&#8221;right&#8221; el_class=&#8221;halfrow&#8221;][vc_column offset=&#8221;vc_col-md-5&#8243;][vc_column_text css=&#8221;.vc_custom_1693087093898{margin-bottom: 25px !important;}&#8221;]<\/p>\n<h2>K\u1ebft n\u1ed1i b\u1ea1n b\u00e8<span class=\"teaser\"> Chia s\u1ebb nh\u1eefng \u0111i\u1ec1u th\u00fa v\u1ecb<\/span><span class=\"tiny-border\">x<\/span><\/h2>\n<p>Nh\u1ecbp s\u1ed1ng hi\u1ec7n \u0111\u1ea1i \u0111\u1ea1i l\u00e0m b\u1ea1n c\u1ea3m th\u1ea5y m\u1ec7t m\u1ecfi, h\u00e3y th\u01b0 gi\u00e3n ch\u00fat v\u00e0 t\u1eadn h\u01b0\u1edfng nh\u1eefng thi v\u1ecb c\u1ee7a cu\u1ed9c s\u1ed1ng.Th\u01b0\u1edfng th\u1ee9c m\u1ed9t t\u00e1ch c\u00e0 ph\u00ea v\u00e0 tr\u00f2 chuy\u1ec7n c\u00f9ng b\u1ea1n b\u00e8, ng\u01b0\u1eddi th\u00e2n, chia s\u1ebb v\u1edbi nhau nh\u1eefng \u0111i\u1ec1u th\u00fa v\u1ecb v\u1ec1 cu\u1ed9c s\u1ed1ng.[\/vc_column_text][\/vc_column][\/vc_row][vc_row css=&#8221;.vc_custom_1490070692948{background-color: #18181d !important;}&#8221;][vc_column][vc_column_text el_class=&#8221;text-center&#8221; css=&#8221;.vc_custom_1693087405366{margin-bottom: 30px !important;}&#8221;]<\/p>\n<h2>L\u1eafng nghe<span class=\"teaser\">C\u00e2u chuy\u1ec7n b\u00ean ly c\u00e0 ph\u00ea<\/span><span class=\"tiny-border\">x<\/span><\/h2>\n<p>[\/vc_column_text][\/vc_column][vc_column width=&#8221;1\/3&#8243;]\t<div class=\"profile_pic\">\n        <figure class=\"pic-hover hover-scale mb30\">\n            <img decoding=\"async\" src=\"https:\/\/chieutimcoffee.io.vn\/home\/wp-content\/uploads\/2023\/08\/2.jpg\" class=\"img-responsive\" alt=\"\">\n        <\/figure>\n\n        <h3>C\u00e0 ph\u00ea \u0111\u00e2u ch\u1ec9 l\u00e0 th\u1ee9c u\u1ed1ng<\/h3>\n        <span class=\"subtitle\">..........................................................................................................<\/span>\n        <span class=\"tiny-border\"><\/span>\n        Ng\u01b0\u1eddi ta v\u1eabn n\u00f3i, u\u1ed1ng c\u00e0 ph\u00ea kh\u00f4ng ph\u1ea3i ch\u1ec9 l\u00e0 th\u01b0\u1edfng th\u1ee9c m\u1ed9t th\u1ee9 \u0103n ch\u01a1i, u\u1ed1ng c\u00e0 ph\u00ea d\u1ea7n d\u1ea7n \u0111\u00e3 tr\u1edf th\u00e0nh m\u1ed9t n\u00e9t v\u0103n h\u00f3a, \u0111\u1ec3 \u0111\u1ea9y \u0111\u01b0a c\u00e2u chuy\u1ec7n, \u0111\u1ec3 l\u00f9i xa nh\u1eefng ph\u00e2n c\u1ea5p, \u0111\u1ec3 gi\u1ea3i t\u1ecfa nh\u1eefng mu\u1ed9n phi\u1ec1n v\u00e0 \u0111\u1ec3 t\u00ecm v\u1ec1 nh\u1eefng k\u00fd \u1ee9c. \u1ede m\u1ed7i n\u01a1i m\u1ed7i b\u01b0\u1edbc ch\u00e2n ng\u01b0\u1eddi \u0111i qua th\u00ec s\u1ebd c\u00f3 nh\u1eefng c\u00e2u chuy\u1ec7n \u0111\u1ec3 n\u00f3i v\u1ec1 c\u00e0 ph\u00ea. M\u1ed7i gi\u1ecdt c\u00e0 ph\u00ea t\u00ed t\u00e1ch r\u01a1i l\u00e0 m\u1ed7i gi\u1ecdt ch\u1ea1m v\u00e0o s\u00e2u th\u0103m th\u1eb3m c\u1ee7a nh\u1eefng t\u00e2m s\u1ef1 c\u1ea5t k\u00edn trong tim. C\u00f4 \u0111\u01a1n \u0111\u1ea5y nh\u01b0ng b\u00ean ly c\u00e0 ph\u00ea \u0111en s\u00f3ng s\u00e1nh, ng\u01b0\u1eddi ta th\u1ea5y cu\u1ed9c \u0111\u1eddi d\u01b0\u1eddng nh\u01b0 ch\u1ec9 c\u00f2n l\u1ea1i m\u1ed9t th\u1ee9, l\u00e0 l\u00e3ng du, l\u00e0 phi\u00eau b\u1ea1t, l\u00e0 \u0111\u1eb1m m\u00ecnh v\u1edbi h\u01a1i th\u1edf ch\u1eadm r\u00e3i c\u1ee7a th\u1eddi gian. Tr\u01b0\u1edfng th\u00e0nh r\u1ed3i s\u1ebd c\u00f4 \u0111\u01a1n, nh\u01b0ng tr\u01b0\u1edfng th\u00e0nh r\u1ed3i ng\u01b0\u1eddi ta l\u1ea1i th\u1ea5y cu\u1ed9c \u0111\u1eddi c\u00f3 nh\u1eefng gi\u00e2y ph\u00fat \u0111\u01b0\u1ee3c c\u00f4 \u0111\u01a1n \u0111\u1ec3 nh\u1eadn ra ch\u00ednh m\u00ecnh l\u00fd th\u00fa bi\u1ebft nh\u01b0\u1eddng n\u00e0o, c\u0169ng nh\u01b0 u\u1ed1ng c\u00e0 ph\u00ea v\u1eady, sau v\u1ecb \u0111\u1eafng \u0111\u00f3t n\u01a1i \u0111\u1ea7u l\u01b0\u1ee1i d\u1ea7n d\u1ea7n c\u1ea3m nh\u1eadn \u0111\u01b0\u1ee3c v\u1ecb ng\u1ecdt th\u01a1m d\u1ec5 ch\u1ecbu lan t\u1ecfa kh\u1eafp to\u00e0n th\u00e2n, th\u1ea5m v\u00e0o t\u1eebng n\u01a1 ron th\u1ea7n kinh l\u00e0m ng\u01b0\u1eddi ta minh m\u1eabn, th\u00f4ng su\u1ed1t, d\u1ec5 ch\u1ecbu.        \n\t\t<ul class=\"social-team\">\n\t\t\t\t\t<\/ul>\n\n        <a class=\"read_more mt10\" href=\"#\" target=\"_self\"> <i class=\"fa fa-chevron-right id-color\"><\/i><\/a>    <\/div>\n\n[\/vc_column][vc_column width=&#8221;1\/3&#8243;]\t<div class=\"profile_pic\">\n        <figure class=\"pic-hover hover-scale mb30\">\n            <img decoding=\"async\" src=\"https:\/\/chieutimcoffee.io.vn\/home\/wp-content\/uploads\/2023\/08\/3.jpg\" class=\"img-responsive\" alt=\"\">\n        <\/figure>\n\n        <h3>C\u00e0 ph\u00ea hay t\u00ecnh \u0111\u1ea7u?<\/h3>\n        <span class=\"subtitle\">..........................................................................................................<\/span>\n        <span class=\"tiny-border\"><\/span>\n        \u201cT\u00ecnh \u0111\u1ea7u kh\u00f3 phai, v\u1ecb c\u00e0 ph\u00ea \u0111\u1ea7u ti\u00ean c\u0169ng kh\u00f3 c\u00f3 thay th\u1ebf\u201d. N\u1ebfu \u0111\u00e3 l\u00e0 m\u1ed9t th\u1ee9 \u1ea5n t\u01b0\u1ee3ng, kh\u00f3 qu\u00ean, ng\u01b0\u1eddi ta s\u1ebd l\u01b0u l\u1ea1i r\u1ea5t l\u00e2u nh\u1eefng cung b\u1eadc c\u1ea3m x\u00fac v\u1ec1 n\u00f3. Khi y\u00eau, s\u1ebd th\u1eadt kh\u00f3 kh\u0103n \u0111\u1ec3 2 ng\u01b0\u1eddi y\u00eau nhau c\u00f3 th\u1ec3 x\u00f3a nh\u00f2a nhau trong t\u00e2m tr\u00ed. \u0110\u1ed1i v\u1edbi nh\u1eefng ng\u01b0\u1eddi y\u00eau th\u00edch c\u00e0 ph\u00ea, c\u1ea3m gi\u00e1c c\u0169ng t\u01b0\u01a1ng t\u1ef1 nh\u01b0 v\u1eady. C\u1ed1 ch\u1ea5p v\u1edbi m\u1ed9t h\u01b0\u01a1ng v\u1ecb y\u00eau th\u00edch, v\u1edbi lo\u1ea1i th\u1ee9c u\u1ed1ng khi\u1ebfn m\u00ecnh \u201cnghi\u1ec7n\u201d l\u00e0 \u0111i\u1ec1u d\u1ec5 nh\u1eadn ra. S\u1ebd kh\u00f4ng kh\u00f3 kh\u0103n \u0111\u1ec3 b\u1eaft g\u1eb7p nh\u1eefng con ng\u01b0\u1eddi ch\u1ea5p nh\u1eadn ch\u1ea1y xe m\u1ed9t \u0111o\u1ea1n \u0111\u01b0\u1eddng d\u00e0i ch\u1ec9 \u0111\u1ec3 \u0111\u01b0\u1ee3c\u00a0u\u1ed1ng c\u00e0 ph\u00ea\u00a0t\u1ea1i m\u1ed9t qu\u00e1n quen. V\u00e0 c\u0169ng kh\u00f4ng l\u1ea1 l\u1eabm khi nh\u1eadn ra d\u00f9 c\u00f3 nhi\u1ec1u lo\u1ea1i th\u1ee9c u\u1ed1ng m\u1edbi l\u1ea1 nh\u01b0ng c\u00e0 ph\u00ea v\u1eabn c\u00f3 ch\u1ed7 \u0111\u1ee9ng nh\u1ea5t \u0111\u1ecbnh trong cu\u1ed9c s\u1ed1ng nhi\u1ec1u ng\u01b0\u1eddi. U\u1ed1ng c\u00e0 ph\u00ea kh\u00f4ng th\u1ec3 v\u1ed9i v\u00e0ng. Mi\u1ec5n c\u01b0\u1ee1ng u\u1ed1ng s\u1ebd ch\u1ec9 th\u1ea5y kh\u00f3 u\u1ed1ng v\u00e0 \u0111\u1eafng ch\u00e1t. Th\u1ebf nh\u01b0ng ch\u1ea7m ch\u1eadm th\u01b0\u1edfng th\u1ee9c v\u00e0 c\u1ea3m nh\u1eadn s\u1ebd nh\u1eadn ra v\u1ecb ng\u1ecdt h\u1eadu g\u00e2y th\u01b0\u01a1ng nh\u1edb. T\u00ecnh y\u00eau v\u00e0 cu\u1ed9c s\u1ed1ng c\u0169ng gi\u1ed1ng nh\u01b0 v\u1eady, t\u1ef1 ti, o\u00e1n tr\u00e1ch ch\u1ec9 l\u00e0m m\u1ecdi vi\u1ec7c t\u1ec7 \u0111i. Bi\u1ebft tr\u00e2n tr\u1ecdng v\u00e0 c\u1ed1 g\u1eafng s\u1ebd th\u1ea5y m\u1ecdi th\u1ee9 th\u1eadt \u0111\u1eb9p, th\u1eadt \u00fd ngh\u0129a.        \n\t\t<ul class=\"social-team\">\n\t\t\t\t\t<\/ul>\n\n        <a class=\"read_more mt10\" href=\"#\" target=\"_self\"> <i class=\"fa fa-chevron-right id-color\"><\/i><\/a>    <\/div>\n\n[\/vc_column][vc_column width=&#8221;1\/3&#8243;]\t<div class=\"profile_pic\">\n        <figure class=\"pic-hover hover-scale mb30\">\n            <img decoding=\"async\" src=\"https:\/\/chieutimcoffee.io.vn\/home\/wp-content\/uploads\/2023\/08\/1.jpg\" class=\"img-responsive\" alt=\"\">\n        <\/figure>\n\n        <h3>V\u00f2ng \u0111\u1eddi c\u1ee7a c\u00e0 ph\u00ea<\/h3>\n        <span class=\"subtitle\">..........................................................................................................<\/span>\n        <span class=\"tiny-border\"><\/span>\n        B\u1ea1n c\u00f3 bi\u1ebft c\u1ea7n bao nhi\u00eau th\u1eddi gian \u0111\u1ec3 c\u00f3 th\u1ec3 thu ho\u1ea1ch \u0111\u01b0\u1ee3c m\u1ed9t m\u1ebb c\u00e0 ph\u00ea ch\u1ea5t l\u01b0\u1ee3ng kh\u00f4ng? C\u00e2u tr\u1ea3 l\u1eddi l\u00e0 9 th\u00e1ng 10 ng\u00e0y. Th\u1eadt th\u00fa v\u1ecb l\u00e0m sao khi \u0111\u00f3 c\u0169ng l\u00e0 th\u1eddi gian \u0111\u1ec3 thai ngh\u00e9n, h\u00ecnh th\u00e0nh m\u1ed9t con ng\u01b0\u1eddi. N\u1ebfu so s\u00e1nh v\u1edbi v\u00f2ng \u0111\u1eddi c\u1ee7a m\u1ed9t con ng\u01b0\u1eddi th\u00ec c\u00e0 ph\u00ea c\u0169ng c\u00f3 \u0111\u1ee7 qu\u00e1 tr\u00ecnh h\u00ecnh th\u00e0nh, tr\u01b0\u1edfng th\u00e0nh v\u00e0 ph\u00e1t tri\u1ec3n. T\u1eeb nh\u1eefng b\u00f4ng hoa c\u00e0 ph\u00ea tr\u1eafng thu\u1ea7n r\u1ed3i l\u1edbn th\u00e0nh qu\u1ea3, sinh h\u1ea1t. C\u00e0 ph\u00ea tr\u1ea3i qua \u0111\u1ea7y \u0111\u1ee7 th\u0103ng tr\u1ea7m, n\u1eafng m\u01b0a kh\u1eafc nghi\u1ec7t. Th\u1ebf nh\u01b0ng, c\u00f3 ch\u1ecbu \u0111\u01b0\u1ee3c, tr\u1ea3i qua \u0111\u01b0\u1ee3c h\u1ebft th\u1ea3y nh\u1eefng th\u1eed th\u00e1ch \u0111\u00f3, h\u1ea1t c\u00e0 ph\u00ea m\u1edbi \u0111\u1ea1t \u0111\u01b0\u1ee3c ch\u1ea5t l\u01b0\u1ee3ng chu\u1ea9n nh\u1ea5t.<\/p>\n<p>B\u00ean c\u1ea1nh nh\u1eefng th\u1eed th\u00e1ch, \u0111i\u1ec1u ki\u1ec7n kh\u1eafc nghi\u1ec7t m\u00e0 c\u00e0 ph\u00ea ph\u1ea3i ch\u1ecbu th\u00ec v\u1eabn c\u00f2n nh\u1eefng y\u1ebfu t\u1ed1 t\u00edch c\u1ef1c kh\u00e1c. Ngu\u1ed3n n\u01b0\u1edbc m\u00e1t tinh khi\u1ebft, \u0111\u1ea5t m\u00e0u m\u1ee1 v\u00e0 s\u1ef1 ch\u0103m s\u00f3c, y\u00eau th\u01b0\u01a1ng c\u1ee7a ng\u01b0\u1eddi n\u00f4ng d\u00e2n l\u00e0 nh\u1eefng g\u00ec c\u00e0 ph\u00ea c\u00f3 \u0111\u01b0\u1ee3c. R\u00f5 r\u00e0ng, h\u1ea1t c\u00e0 ph\u00ea h\u1ed9i t\u1ee5 \u0111\u1ee7 nh\u1eefng y\u1ebfu t\u1ed1 c\u1ea7n thi\u1ebft, ch\u1ecbu \u0111\u1ee7 th\u1eed th\u00e1ch, th\u1ea5m h\u1ebft tinh hoa l\u00e0 nh\u1eefng h\u1ea1t c\u00e0 ph\u00ea ch\u1ea5t l\u01b0\u1ee3ng.        \n\t\t<ul class=\"social-team\">\n\t\t\t\t\t<\/ul>\n\n        <a class=\"read_more mt10\" href=\"#\" target=\"_self\"> <i class=\"fa fa-chevron-right id-color\"><\/i><\/a>    <\/div>\n\n[\/vc_column][\/vc_row]<\/p>\n","protected":false},"excerpt":{"rendered":"<p>[vc_row img_halfrow=&#8221;yes&#8221; cols=&#8221;6&#8243; halfrow_image=&#8221;516&#8243; el_class=&#8221;halfrow&#8221;][vc_column offset=&#8221;vc_col-md-offset-7 vc_col-md-5&#8243;][vc_column_text css=&#8221;.vc_custom_1693087486512{margin-bottom: 25px !important;}&#8221;] Ch\u00e0o m\u1eebng \u0111\u1ebfn v\u1edbi Chi\u1ec1u T\u00edm CoffeeS\u1ee9 m\u1ec7nh Th\u00e0nh l\u1eadp n\u0103m 2023. Kh\u00f4ng ch\u1ec9 mang \u0111\u1ebfn nh\u1eefng t\u00e1ch c\u00e0 ph\u00ea th\u01a1m ngon, b\u1ed5 d\u01b0\u1ee1ng Chi\u1ec1u T\u00edm Coffee c\u00f2n l\u00e0 n\u01a1i \u0111\u1ec3 m\u1ecdi ng\u01b0\u1eddi s\u1ebb nh\u1eefng c\u00e2u chuy\u1ec7n b\u00ean t\u00e1ch c\u00e0 ph\u00ea, ly tr\u00e0 \u0111\u01b0\u1ee3m h\u01b0\u01a1ng.[\/vc_column_text][\/vc_column][\/vc_row][vc_row [&hellip;]<\/p>\n","protected":false},"author":1,"featured_media":0,"parent":0,"menu_order":0,"comment_status":"closed","ping_status":"closed","template":"page-templates\/template-fullwidth.php","meta":{"footnotes":""},"class_list":["post-74","page","type-page","status-publish","hentry"],"_links":{"self":[{"href":"https:\/\/chieutimcoffee.io.vn\/home\/wp-json\/wp\/v2\/pages\/74","targetHints":{"allow":["GET"]}}],"collection":[{"href":"https:\/\/chieutimcoffee.io.vn\/home\/wp-json\/wp\/v2\/pages"}],"about":[{"href":"https:\/\/chieutimcoffee.io.vn\/home\/wp-json\/wp\/v2\/types\/page"}],"author":[{"embeddable":true,"href":"https:\/\/chieutimcoffee.io.vn\/home\/wp-json\/wp\/v2\/users\/1"}],"replies":[{"embeddable":true,"href":"https:\/\/chieutimcoffee.io.vn\/home\/wp-json\/wp\/v2\/comments?post=74"}],"version-history":[{"count":4,"href":"https:\/\/chieutimcoffee.io.vn\/home\/wp-json\/wp\/v2\/pages\/74\/revisions"}],"predecessor-version":[{"id":807,"href":"https:\/\/chieutimcoffee.io.vn\/home\/wp-json\/wp\/v2\/pages\/74\/revisions\/807"}],"wp:attachment":[{"href":"https:\/\/chieutimcoffee.io.vn\/home\/wp-json\/wp\/v2\/media?parent=74"}],"curies":[{"name":"wp","href":"https:\/\/api.w.org\/{rel}","templated":true}]}}