{"id":153,"date":"2017-03-08T03:41:27","date_gmt":"2017-03-08T03:41:27","guid":{"rendered":"http:\/\/localhost\/delizus\/?page_id=153"},"modified":"2023-08-27T19:58:07","modified_gmt":"2023-08-27T12:58:07","slug":"events","status":"publish","type":"page","link":"https:\/\/chieutimcoffee.io.vn\/home\/events\/","title":{"rendered":"S\u1ef1 ki\u1ec7n &#8211; Khuy\u1ebfn m\u1ea1i"},"content":{"rendered":"<p>[vc_row][vc_column]    \n    <div class=\"events-list\">\n\n            <div class=\"row article-list gallery_view\">\n\n                        <div class=\"col-md-4 col-sm-6\">\n            \t<div class=\"event-item\">\n\t                <a href=\"#\" data-toggle=\"modal\" data-target=\"#id1\">\n\t\t\t            <img decoding=\"async\" src=\"https:\/\/chieutimcoffee.io.vn\/home\/wp-content\/uploads\/2023\/08\/5.jpg\" alt=\"\">\n\t\t\t        <\/a>\n\t                <div class=\"post-content\">\n\n\t                    <div class=\"post-text\">\n\t                        <h3><a href=\"#\" data-toggle=\"modal\" data-target=\"#id1\">CHECK IN NH\u1eacN QU\u00c0<\/a><\/h3>\n\t                        <div class=\"date-time\"><span class=\"date\">11 November 2023<\/span><span class=\"time\">17:00 - 23:00<\/span><\/div>\n\t                        <p>Check in nh\u1eadn qu\u00e0<br \/>\nS\u1ef1 ki\u1ec7n s\u1eafp di\u1ec5n ra<br \/>\nKhi ch\u1ee5p \u1ea3nh check in l\u00ean MXH t\u1ea1i Chi\u1ec1u T\u00edm Coffee b\u1ea1n s\u1ebd ch\u1eafc ch\u1eafn nh\u1eadn \u0111\u01b0\u1ee3c m\u1ed9t trong c\u00e1c ph\u1ea7n qu\u00e0 sau:<br \/>\nVoucher tr\u1ecb gi\u00e1 100k<br \/>\nVoucher gi\u1ea3m gi\u00e1 30%<\/p>\n\t                    <\/div>\n\n\t                <\/div>\n                <\/div>\n            <\/div>\n\n            <div class=\"modal fade workshop-detail\" id=\"id1\">\n                <div class=\"modal-dialog\">\n                    <div class=\"modal-content\">\n                        <div class=\"modal-header\">\n                            <button type=\"button\" class=\"close\" data-dismiss=\"modal\" aria-label=\"Close\"><span aria-hidden=\"true\">&times;<\/span><\/button>\n                            <h2 class=\"modal-title\">CHECK IN NH\u1eacN QU\u00c0<\/h2>\n                            <span class=\"date\">11 November 2023<\/span>\n                            <span class=\"time\">17:00 - 23:00<\/span>\n                        <\/div>\n                        <div class=\"modal-body\">\n                            <p>[vc_row css=&#8221;.vc_custom_1489462953076{padding-top: 30px !important;padding-bottom: 30px !important;}&#8221;][vc_column][vc_single_image image=&#8221;78&#8243; img_size=&#8221;full&#8221;][vc_column_text css=&#8221;.vc_custom_1489462889567{margin-bottom: 20px !important;}&#8221;]<\/p>\n<p style=\"text-align: center;\"><strong>Check in nh\u1eadn qu\u00e0<\/strong><\/p>\n<p style=\"text-align: center;\">T\u1eeb ng\u00e0y \u0111\u1ebfn ng\u00e0y: \u0110ang c\u1eadp nh\u1eadt<\/p>\n<p style=\"text-align: center;\">Khi ch\u1ee5p \u1ea3nh check in l\u00ean MXH t\u1ea1i Chi\u1ec1u T\u00edm Coffee b\u1ea1n s\u1ebd ch\u1eafc ch\u1eafn nh\u1eadn \u0111\u01b0\u1ee3c m\u1ed9t trong c\u00e1c ph\u1ea7n qu\u00e0 sau:<\/p>\n<p style=\"text-align: center;\"><strong>Voucher tr\u1ecb gi\u00e1 100k<\/strong><\/p>\n<p style=\"text-align: center;\"><strong>Voucher gi\u1ea3m gi\u00e1 30%<\/strong><\/p>\n<p style=\"text-align: center;\">Chi\u1ec1u T\u00edm Coffe h\u1eadn h\u00e2n h\u1ea1nh \u0111\u01b0\u1ee3c ph\u1ee5c v\u1ee5 qu\u00fd kh\u00e1ch!<\/p>\n<p style=\"text-align: center;\">\u0110\/C: Minh Hi\u1ec7p &#8211; L\u1ed9c B\u00ecnh &#8211; L\u1ea1ng S\u01a1n<br \/>\n[vc_gmaps link=&#8221;#E-8_JTNDaWZyYW1lJTIwc3JjJTNEJTIyaHR0cHMlM0ElMkYlMkZ3d3cuZ29vZ2xlLmNvbSUyRm1hcHMlMkZlbWJlZCUzRnBiJTNEJTIxMW0xNCUyMTFtOCUyMTFtMyUyMTFkNDc3MC42ODUwMjI4NTc5MyUyMTJkMTA2LjgzODkzNDY2MTA0OTA0JTIxM2QyMS43MjMxNzk1ODAzNTc4NzIlMjEzbTIlMjExaTEwMjQlMjEyaTc2OCUyMTRmMTMuMSUyMTNtMyUyMTFtMiUyMTFzMHgzMTRhYjVmYzg5MDZhMGEzJTI1M0EweGNmNGE0ZGRiOTEyODhjNDUlMjEyelEyaHA0YnVCZFNCVXc2MXRJRU52Wm1abFpRJTIxNWUwJTIxM20yJTIxMXN2aSUyMTJzJTIxNHYxNjkzMDc0Nzg4NzI5JTIxNW0yJTIxMXN2aSUyMTJzJTIyJTIwd2lkdGglM0QlMjI2MDAlMjIlMjBoZWlnaHQlM0QlMjI0NTAlMjIlMjBzdHlsZSUzRCUyMmJvcmRlciUzQTAlM0IlMjIlMjBhbGxvd2Z1bGxzY3JlZW4lM0QlMjIlMjIlMjBsb2FkaW5nJTNEJTIybGF6eSUyMiUyMHJlZmVycmVycG9saWN5JTNEJTIybm8tcmVmZXJyZXItd2hlbi1kb3duZ3JhZGUlMjIlM0UlM0MlMkZpZnJhbWUlM0U=&#8221;][\/vc_column][\/vc_row]<\/p>\n                            <div class=\"clearfix\">\n                            <\/div>\n                        <\/div><!-- \/.modal-body -->\n                    <\/div><!-- \/.modal-content -->\n                <\/div><!-- \/.modal-dialog -->\n            <\/div><!-- \/.modal -->\n\n                        <div class=\"col-md-4 col-sm-6\">\n            \t<div class=\"event-item\">\n\t                <a href=\"#\" data-toggle=\"modal\" data-target=\"#id2\">\n\t\t\t            <img decoding=\"async\" src=\"https:\/\/chieutimcoffee.io.vn\/home\/wp-content\/uploads\/2023\/08\/8.jpg\" alt=\"\">\n\t\t\t        <\/a>\n\t                <div class=\"post-content\">\n\n\t                    <div class=\"post-text\">\n\t                        <h3><a href=\"#\" data-toggle=\"modal\" data-target=\"#id2\">T\u01afNG B\u1eeaNG KHAI TR\u01af\u01a0NG<\/a><\/h3>\n\t                        <div class=\"date-time\"><span class=\"date\">01 October 2023<\/span><span class=\"time\">08:00 - 23:00<\/span><\/div>\n\t                        <p>T\u01b0ng b\u1eebng khai tr\u01b0\u01a1ng<br \/>\nT\u1eeb ng\u00e0y \u0111\u1ebfn ng\u00e0y 01\/10 &#8211; 05\/10\/2023<br \/>\nKhuy\u1ebfn m\u1ea1i c\u1ef1c s\u1ed1c:<br \/>\nMua 1 t\u1eb7ng 1 \u00e1p d\u1ee5ng v\u1edbi t\u1ea5t c\u1ea3 s\u1ea3n ph\u1ea9m<br \/>\nB\u1ed1c th\u0103m tr\u00fang th\u01b0\u1edfng nh\u1eadn qu\u00e0 t\u1eb7ng kh\u1ee7ng v\u00e0 voucher<br \/>\nChi\u1ec1u T\u00edm Coffe h\u1eadn h\u00e2n h\u1ea1nh \u0111\u01b0\u1ee3c ph\u1ee5c v\u1ee5 qu\u00fd kh\u00e1ch!<\/p>\n\t                    <\/div>\n\n\t                <\/div>\n                <\/div>\n            <\/div>\n\n            <div class=\"modal fade workshop-detail\" id=\"id2\">\n                <div class=\"modal-dialog\">\n                    <div class=\"modal-content\">\n                        <div class=\"modal-header\">\n                            <button type=\"button\" class=\"close\" data-dismiss=\"modal\" aria-label=\"Close\"><span aria-hidden=\"true\">&times;<\/span><\/button>\n                            <h2 class=\"modal-title\">T\u01afNG B\u1eeaNG KHAI TR\u01af\u01a0NG<\/h2>\n                            <span class=\"date\">01 October 2023<\/span>\n                            <span class=\"time\">08:00 - 23:00<\/span>\n                        <\/div>\n                        <div class=\"modal-body\">\n                            <p>[vc_row css=&#8221;.vc_custom_1489462953076{padding-top: 30px !important;padding-bottom: 30px !important;}&#8221;][vc_column][vc_single_image image=&#8221;78&#8243; img_size=&#8221;full&#8221;][vc_column_text css=&#8221;.vc_custom_1489462889567{margin-bottom: 20px !important;}&#8221;]<\/p>\n<p style=\"text-align: center;\"><strong>T\u01b0ng b\u1eebng khai tr\u01b0\u01a1ng<\/strong><\/p>\n<p style=\"text-align: center;\">T\u1eeb ng\u00e0y \u0111\u1ebfn ng\u00e0y 01\/10\/2023 &#8211; 05\/10\/2023<\/p>\n<p style=\"text-align: center;\">Th\u1eddi gian m\u1edf c\u1eeda: 17h30 &#8211; 23h00 h\u00e0ng ng\u00e0y<\/p>\n<p style=\"text-align: center;\"><strong>Ri\u00eang ng\u00e0y 01\/10\/2023 m\u1edf c\u1eeda t\u1eeb 8h00 &#8211; 23h00<\/strong><\/p>\n<p style=\"text-align: center;\">Khuy\u1ebfn m\u1ea1i c\u1ef1c s\u1ed1c:<\/p>\n<p style=\"text-align: center;\"><strong>Mua 1 t\u1eb7ng 1 \u00e1p d\u1ee5ng v\u1edbi t\u1ea5t c\u1ea3 s\u1ea3n ph\u1ea9m<\/strong><\/p>\n<p style=\"text-align: center;\"><strong>B\u1ed1c th\u0103m tr\u00fang th\u01b0\u1edfng nh\u1eadn qu\u00e0 t\u1eb7ng kh\u1ee7ng v\u00e0 voucher<\/strong><\/p>\n<p style=\"text-align: center;\">Chi\u1ec1u T\u00edm Coffe h\u1eadn h\u00e2n h\u1ea1nh \u0111\u01b0\u1ee3c ph\u1ee5c v\u1ee5 qu\u00fd kh\u00e1ch!<\/p>\n<p style=\"text-align: center;\">\u0110\/C: Minh Hi\u1ec7p &#8211; L\u1ed9c B\u00ecnh &#8211; L\u1ea1ng S\u01a1n<br \/>\n[vc_gmaps link=&#8221;#E-8_JTNDaWZyYW1lJTIwc3JjJTNEJTIyaHR0cHMlM0ElMkYlMkZ3d3cuZ29vZ2xlLmNvbSUyRm1hcHMlMkZlbWJlZCUzRnBiJTNEJTIxMW0xNCUyMTFtOCUyMTFtMyUyMTFkNDc3MC42ODUwMjI4NTc5MyUyMTJkMTA2LjgzODkzNDY2MTA0OTA0JTIxM2QyMS43MjMxNzk1ODAzNTc4NzIlMjEzbTIlMjExaTEwMjQlMjEyaTc2OCUyMTRmMTMuMSUyMTNtMyUyMTFtMiUyMTFzMHgzMTRhYjVmYzg5MDZhMGEzJTI1M0EweGNmNGE0ZGRiOTEyODhjNDUlMjEyelEyaHA0YnVCZFNCVXc2MXRJRU52Wm1abFpRJTIxNWUwJTIxM20yJTIxMXN2aSUyMTJzJTIxNHYxNjkzMDc0Nzg4NzI5JTIxNW0yJTIxMXN2aSUyMTJzJTIyJTIwd2lkdGglM0QlMjI2MDAlMjIlMjBoZWlnaHQlM0QlMjI0NTAlMjIlMjBzdHlsZSUzRCUyMmJvcmRlciUzQTAlM0IlMjIlMjBhbGxvd2Z1bGxzY3JlZW4lM0QlMjIlMjIlMjBsb2FkaW5nJTNEJTIybGF6eSUyMiUyMHJlZmVycmVycG9saWN5JTNEJTIybm8tcmVmZXJyZXItd2hlbi1kb3duZ3JhZGUlMjIlM0UlM0MlMkZpZnJhbWUlM0U=&#8221;][\/vc_column][\/vc_row]<\/p>\n                            <div class=\"clearfix\">\n                            <\/div>\n                        <\/div><!-- \/.modal-body -->\n                    <\/div><!-- \/.modal-content -->\n                <\/div><!-- \/.modal-dialog -->\n            <\/div><!-- \/.modal -->\n\n                        <div class=\"col-md-4 col-sm-6\">\n            \t<div class=\"event-item\">\n\t                <a href=\"#\" data-toggle=\"modal\" data-target=\"#id3\">\n\t\t\t            <img decoding=\"async\" src=\"https:\/\/chieutimcoffee.io.vn\/home\/wp-content\/uploads\/2023\/08\/4-1.jpg\" alt=\"\">\n\t\t\t        <\/a>\n\t                <div class=\"post-content\">\n\n\t                    <div class=\"post-text\">\n\t                        <h3><a href=\"#\" data-toggle=\"modal\" data-target=\"#id3\">TEST RUN &#8211; CH\u1ea0Y TH\u1eec NGHI\u1ec6M<\/a><\/h3>\n\t                        <div class=\"date-time\"><span class=\"date\">24 September 2023<\/span><span class=\"time\">19:00 - 23:00<\/span><\/div>\n\t                        <p>Ch\u1ea1y th\u1eed nghi\u1ec7m<br \/>\nT\u1eeb ng\u00e0y \u0111\u1ebfn ng\u00e0y 24\/9 &#8211; 30\/9\/2023<br \/>\nKhuy\u1ebfn m\u1ea1i c\u1ef1c s\u1ed1c:<br \/>\n\u0110\u1ed3ng gi\u00e1 20k t\u1ea5t c\u1ea3 s\u1ea3n ph\u1ea9m<br \/>\nKh\u1ea3o s\u00e1t nh\u1eadn \u01b0u \u0111\u00e3i l\u00ean \u0111\u1ebfn 50%<br \/>\nChi\u1ec1u T\u00edm Coffe h\u1eadn h\u00e2n h\u1ea1nh \u0111\u01b0\u1ee3c ph\u1ee5c v\u1ee5 qu\u00fd kh\u00e1ch!<\/p>\n\t                    <\/div>\n\n\t                <\/div>\n                <\/div>\n            <\/div>\n\n            <div class=\"modal fade workshop-detail\" id=\"id3\">\n                <div class=\"modal-dialog\">\n                    <div class=\"modal-content\">\n                        <div class=\"modal-header\">\n                            <button type=\"button\" class=\"close\" data-dismiss=\"modal\" aria-label=\"Close\"><span aria-hidden=\"true\">&times;<\/span><\/button>\n                            <h2 class=\"modal-title\">TEST RUN &#8211; CH\u1ea0Y TH\u1eec NGHI\u1ec6M<\/h2>\n                            <span class=\"date\">24 September 2023<\/span>\n                            <span class=\"time\">19:00 - 23:00<\/span>\n                        <\/div>\n                        <div class=\"modal-body\">\n                            <p>[vc_row css=&#8221;.vc_custom_1489462953076{padding-top: 30px !important;padding-bottom: 30px !important;}&#8221;][vc_column][vc_single_image image=&#8221;78&#8243; img_size=&#8221;full&#8221;][vc_column_text css=&#8221;.vc_custom_1489462889567{margin-bottom: 20px !important;}&#8221;]<\/p>\n<p style=\"text-align: center;\"><strong>Ch\u1ea1y th\u1eed nghi\u1ec7m<\/strong><\/p>\n<p style=\"text-align: center;\">T\u1eeb ng\u00e0y \u0111\u1ebfn ng\u00e0y 24\/9 -30\/9\/2023<\/p>\n<p style=\"text-align: center;\">Khung gi\u1edd \u00e1p d\u1ee5ng: 19h00 &#8211; 23h00<\/p>\n<p style=\"text-align: center;\">Khuy\u1ebfn m\u1ea1i c\u1ef1c s\u1ed1c:<\/p>\n<p style=\"text-align: center;\"><strong>\u0110\u1ed3ng gi\u00e1 20k t\u1ea5t c\u1ea3 s\u1ea3n ph\u1ea9m<\/strong><\/p>\n<p style=\"text-align: center;\"><strong>Mua 2 t\u1eb7ng 1<\/strong><\/p>\n<p style=\"text-align: center;\"><strong>Kh\u1ea3o s\u00e1t nh\u1eadn voucher gi\u1ea3m gi\u00e1 30- 50%<\/strong><\/p>\n<p style=\"text-align: center;\">Chi\u1ec1u T\u00edm Coffe h\u1eadn h\u00e2n h\u1ea1nh \u0111\u01b0\u1ee3c ph\u1ee5c v\u1ee5 qu\u00fd kh\u00e1ch!<\/p>\n<p style=\"text-align: center;\">\u0110\/C: Minh Hi\u1ec7p &#8211; L\u1ed9c B\u00ecnh &#8211; L\u1ea1ng S\u01a1n<br \/>\n[vc_gmaps link=&#8221;#E-8_JTNDaWZyYW1lJTIwc3JjJTNEJTIyaHR0cHMlM0ElMkYlMkZ3d3cuZ29vZ2xlLmNvbSUyRm1hcHMlMkZlbWJlZCUzRnBiJTNEJTIxMW0xNCUyMTFtOCUyMTFtMyUyMTFkNDc3MC42ODUwMjI4NTc5MyUyMTJkMTA2LjgzODkzNDY2MTA0OTA0JTIxM2QyMS43MjMxNzk1ODAzNTc4NzIlMjEzbTIlMjExaTEwMjQlMjEyaTc2OCUyMTRmMTMuMSUyMTNtMyUyMTFtMiUyMTFzMHgzMTRhYjVmYzg5MDZhMGEzJTI1M0EweGNmNGE0ZGRiOTEyODhjNDUlMjEyelEyaHA0YnVCZFNCVXc2MXRJRU52Wm1abFpRJTIxNWUwJTIxM20yJTIxMXN2aSUyMTJzJTIxNHYxNjkzMDc0Nzg4NzI5JTIxNW0yJTIxMXN2aSUyMTJzJTIyJTIwd2lkdGglM0QlMjI2MDAlMjIlMjBoZWlnaHQlM0QlMjI0NTAlMjIlMjBzdHlsZSUzRCUyMmJvcmRlciUzQTAlM0IlMjIlMjBhbGxvd2Z1bGxzY3JlZW4lM0QlMjIlMjIlMjBsb2FkaW5nJTNEJTIybGF6eSUyMiUyMHJlZmVycmVycG9saWN5JTNEJTIybm8tcmVmZXJyZXItd2hlbi1kb3duZ3JhZGUlMjIlM0UlM0MlMkZpZnJhbWUlM0U=&#8221;][\/vc_column][\/vc_row]<\/p>\n                            <div class=\"clearfix\">\n                            <\/div>\n                        <\/div><!-- \/.modal-body -->\n                    <\/div><!-- \/.modal-content -->\n                <\/div><!-- \/.modal-dialog -->\n            <\/div><!-- \/.modal -->\n\n                    <\/div>\n    <\/div>\n\n    [\/vc_column][\/vc_row]<\/p>\n","protected":false},"excerpt":{"rendered":"<p>[vc_row][vc_column][\/vc_column][\/vc_row]<\/p>\n","protected":false},"author":1,"featured_media":0,"parent":0,"menu_order":0,"comment_status":"closed","ping_status":"closed","template":"page-templates\/template-fullwidth.php","meta":{"footnotes":""},"class_list":["post-153","page","type-page","status-publish","hentry"],"_links":{"self":[{"href":"https:\/\/chieutimcoffee.io.vn\/home\/wp-json\/wp\/v2\/pages\/153","targetHints":{"allow":["GET"]}}],"collection":[{"href":"https:\/\/chieutimcoffee.io.vn\/home\/wp-json\/wp\/v2\/pages"}],"about":[{"href":"https:\/\/chieutimcoffee.io.vn\/home\/wp-json\/wp\/v2\/types\/page"}],"author":[{"embeddable":true,"href":"https:\/\/chieutimcoffee.io.vn\/home\/wp-json\/wp\/v2\/users\/1"}],"replies":[{"embeddable":true,"href":"https:\/\/chieutimcoffee.io.vn\/home\/wp-json\/wp\/v2\/comments?post=153"}],"version-history":[{"count":3,"href":"https:\/\/chieutimcoffee.io.vn\/home\/wp-json\/wp\/v2\/pages\/153\/revisions"}],"predecessor-version":[{"id":633,"href":"https:\/\/chieutimcoffee.io.vn\/home\/wp-json\/wp\/v2\/pages\/153\/revisions\/633"}],"wp:attachment":[{"href":"https:\/\/chieutimcoffee.io.vn\/home\/wp-json\/wp\/v2\/media?parent=153"}],"curies":[{"name":"wp","href":"https:\/\/api.w.org\/{rel}","templated":true}]}}